{"id":2544,"date":"2022-06-21T12:42:33","date_gmt":"2022-06-21T12:42:33","guid":{"rendered":"https:\/\/medoc-hautmedoc.fr\/mentions-legales\/"},"modified":"2024-12-24T09:38:00","modified_gmt":"2024-12-24T09:38:00","slug":"mentions-legales","status":"publish","type":"page","link":"https:\/\/medoc-hautmedoc.fr\/en\/mentions-legales\/","title":{"rendered":"Mentions l\u00e9gales"},"content":{"rendered":"\n<div class=\"wp-block-cover is-light\" style=\"padding-top:150px;min-height:1000px;aspect-ratio:unset;\"><span aria-hidden=\"true\" class=\"wp-block-cover__background has-primary-background-color has-background-dim-70 has-background-dim\"><\/span><img loading=\"lazy\" decoding=\"async\" width=\"1000\" height=\"667\" class=\"wp-block-cover__image-background wp-image-942\" alt=\"\" src=\"https:\/\/medoc-hautmedoc.fr\/wp-content\/uploads\/table-de-tri-main-zoom.jpg\" style=\"object-position:56% 44%\" data-object-fit=\"cover\" data-object-position=\"56% 44%\" srcset=\"https:\/\/medoc-hautmedoc.fr\/wp-content\/uploads\/table-de-tri-main-zoom.jpg 1000w, https:\/\/medoc-hautmedoc.fr\/wp-content\/uploads\/table-de-tri-main-zoom-300x200.jpg 300w, https:\/\/medoc-hautmedoc.fr\/wp-content\/uploads\/table-de-tri-main-zoom-768x512.jpg 768w\" sizes=\"auto, (max-width: 1000px) 100vw, 1000px\" \/><div class=\"wp-block-cover__inner-container is-layout-flow wp-block-cover-is-layout-flow\">\n<div class=\"wp-block-group is-style-container is-layout-flow wp-block-group-is-layout-flow\">\n<h1 class=\"wp-block-heading has-text-align-right has-white-color has-text-color has-bigstroke-font-size\"><span class=\"w-100\"><mark style=\"background-color:rgba(0, 0, 0, 0);color:#ffffff\" class=\"has-inline-color\">Mentions l\u00e9gales<\/mark><\/span><\/h1>\n<\/div>\n\n\n\n<div style=\"height:130px\" aria-hidden=\"true\" class=\"wp-block-spacer\"><\/div>\n\n\n\n<div class=\"wp-block-group is-style-container is-layout-flow wp-block-group-is-layout-flow\">\n<div class=\"wp-block-buttons is-content-justification-right is-layout-flex wp-container-core-buttons-is-layout-d445cf74 wp-block-buttons-is-layout-flex\"><\/div>\n<\/div>\n<\/div><\/div>\n\n\n\r\n<div id=\"block_7e7ce561a4624a6fd45994cc55231b67\" class=\"spacer-block \" style=\"height: 10vh;\"><\/div>\n\n\n<div class=\"wp-block-group is-style-container is-layout-flow wp-block-group-is-layout-flow\">\n<h3 class=\"wp-block-heading has-subtitle-font-size\"><span class=\"w-100\">AOC M\u00e9doc &amp; Haut-M\u00e9doc<\/span><\/h3>\n\n\n\n<p>AOC M\u00e9doc &amp; Haut-M\u00e9doc<br><a href=\"https:\/\/www.google.fr\/maps\/place\/18+Quai+Jean+Fleuret,+33250+Pauillac\/@45.2040412,-0.7475291,17z\/data=!3m1!4b1!4m5!3m4!1s0x4801cf42917fc72f:0xb54bd8a9acb1cd9c!8m2!3d45.2040412!4d-0.7475291\" target=\"_blank\" rel=\"noreferrer noopener\"><mark style=\"background-color:rgba(0, 0, 0, 0)\" class=\"has-inline-color has-primary-color\">18 quai Jean Fleuret BP 80004,<br>33250 Pauillac<\/mark><\/a><\/p>\n\n\n\n<p>Num\u00e9ro de t\u00e9l\u00e9phone : <a href=\"tel:+33556590292\" target=\"_blank\" rel=\"noreferrer noopener\"><mark style=\"background-color:rgba(0, 0, 0, 0)\" class=\"has-inline-color has-primary-color\">+33 5 56 59 02 92<\/mark><\/a><br>E-mail : <a href=\"mailto:com@odgmedoc.fr\" target=\"_blank\" rel=\"noreferrer noopener\"><mark style=\"background-color:rgba(0, 0, 0, 0)\" class=\"has-inline-color has-primary-color\">com@odgmedoc.fr<\/mark><\/a><\/p>\n\n\n\n<div class=\"wp-block-group is-layout-flow wp-block-group-is-layout-flow\">\n<hr class=\"wp-block-separator has-text-color has-css-opacity has-background is-style-wide\" style=\"background-color:#dcdcdc;color:#dcdcdc\"\/>\n\n\n\n<div style=\"height:30px\" aria-hidden=\"true\" class=\"wp-block-spacer\"><\/div>\n\n\n\n<h3 class=\"wp-block-heading has-subtitle-font-size\"><span class=\"w-100\">Photographies<\/span><\/h3>\n\n\n\n<p>Toutes les photos non cr\u00e9dit\u00e9es sont r\u00e9alis\u00e9es par Claude Clin.<\/p>\n\n\n\n<p><a href=\"http:\/\/www.claude-clin.fr\" target=\"_blank\" rel=\"noreferrer noopener\">www.claude-clin.fr<\/a><\/p>\n\n\n\n<hr class=\"wp-block-separator has-text-color has-css-opacity has-background is-style-wide\" style=\"background-color:#dcdcdc;color:#dcdcdc\"\/>\n<\/div>\n\n\n\n<div style=\"height:30px\" aria-hidden=\"true\" class=\"wp-block-spacer\"><\/div>\n\n\n\n<h3 class=\"wp-block-heading has-subtitle-font-size\"><span class=\"w-100\">WebDesign&nbsp;&amp; Cr\u00e9ation<\/span><\/h3>\n\n\n\n<p><a href=\"https:\/\/agence-communication-bordeaux.com\/\">Agence S\u00f5<strong>crea<\/strong>tiv\u2019 [ design C\u00f5mmunicatif ]<\/a><br><a href=\"https:\/\/maps.app.goo.gl\/oSkX7sbh6TjhVpCUA\">H15 | Now, Quai des Chartrons ~ Bordeaux<\/a><\/p>\n\n\n\n<p><a href=\"https:\/\/agence-communication-bordeaux.com\/\">S\u00f5<strong>crea<\/strong>tiv\u2019<\/a> et <a href=\"https:\/\/visiter-barcelone.com\/\">Visiter-barcelone.com<\/a>, marque d\u00e9pos\u00e9es par S\u00f5<strong>crea<\/strong>tiv\u2019<\/p>\n\n\n\n<div class=\"wp-block-group is-layout-flow wp-block-group-is-layout-flow\">\n<hr class=\"wp-block-separator has-text-color has-css-opacity has-background is-style-wide\" style=\"background-color:#dcdcdc;color:#dcdcdc\"\/>\n\n\n\n<div style=\"height:30px\" aria-hidden=\"true\" class=\"wp-block-spacer\"><\/div>\n<\/div>\n\n\n\n<h3 class=\"wp-block-heading has-subtitle-font-size\"><span class=\"w-100\">H\u00e9bergement&nbsp;Serveurs &amp; Back-up<\/span><\/h3>\n\n\n\n<p>Soci\u00e9t\u00e9&nbsp;OVH2 rue Kellermann ~ Roubaix https:\/\/ovh.com<\/p>\n\n\n\n<div class=\"wp-block-group is-layout-flow wp-block-group-is-layout-flow\">\n<hr class=\"wp-block-separator has-text-color has-css-opacity has-background is-style-wide\" style=\"background-color:#dcdcdc;color:#dcdcdc\"\/>\n\n\n\n<div style=\"height:30px\" aria-hidden=\"true\" class=\"wp-block-spacer\"><\/div>\n<\/div>\n\n\n\n<h3 class=\"wp-block-heading has-subtitle-font-size\"><span class=\"w-100\">L\u2019acc\u00e8s ou l\u2019exploitation de ce site vaut acceptation des pr\u00e9sentes dispositions<\/span><\/h3>\n\n\n\n<p>Le pr\u00e9sent site et les informations, noms, images, photographies, logos et ic\u00f4nes relatifs \u00e0, ou en rapport avec,&nbsp;<strong>AOC M\u00e9doc &amp; Haut-M\u00e9doc<\/strong>, ci-apr\u00e8s d\u00e9nomm\u00e9s&nbsp;<strong><strong><strong>AOC M\u00e9doc &amp; Haut-M\u00e9doc<\/strong><\/strong><\/strong>&nbsp;et\/ou leurs produits et services (ci-apr\u00e8s d\u00e9nomm\u00e9s \u00bb les informations \u00ab ) sont propos\u00e9s \u00ab tels quels \u00bb et \u00bb en fonction des disponibilit\u00e9s \u00bb.&nbsp;<strong>AOC M\u00e9doc &amp; Haut-M\u00e9doc<\/strong> ne d\u00e9clare ni ne garantit de quelque mani\u00e8re que ce soit, explicitement ou implicitement, que le site r\u00e9pond notamment \u00e0 un besoin particulier, qu\u2019il soit commercialisable, qu\u2019il soit exact, fiable ou complet. En outre,&nbsp;<strong>AOC M\u00e9doc &amp; Haut-M\u00e9doc<\/strong>&nbsp;d\u00e9cline toute responsabilit\u00e9 si le site ou le serveur qui le rend accessible \u00e9tait pourvu d\u2019un virus. Les publications de ce site peuvent contenir des inexactitudes de nature technique ou autre, ou des erreurs typographiques qui peuvent \u00eatre corrig\u00e9es \u00e0 la seule discr\u00e9tion de&nbsp;<strong><strong><strong>AOC M\u00e9doc &amp; Haut-M\u00e9doc<\/strong><\/strong><\/strong>. Toute correction et modification peuvent \u00eatre int\u00e9gr\u00e9es ult\u00e9rieurement dans ce site.&nbsp;<strong><strong><strong>AOC M\u00e9doc &amp; Haut-M\u00e9doc<\/strong><\/strong><\/strong>&nbsp;peut \u00e0 tout moment modifier, am\u00e9liorer et\/ou changer les modalit\u00e9s ou les informations pr\u00e9sent\u00e9es sur ce site ou encore les produits et services auxquels il est fait r\u00e9f\u00e9rence.<\/p>\n\n\n\n<div class=\"wp-block-group is-layout-flow wp-block-group-is-layout-flow\">\n<hr class=\"wp-block-separator has-text-color has-css-opacity has-background is-style-wide\" style=\"background-color:#dcdcdc;color:#dcdcdc\"\/>\n\n\n\n<div style=\"height:30px\" aria-hidden=\"true\" class=\"wp-block-spacer\"><\/div>\n<\/div>\n\n\n\n<h3 class=\"wp-block-heading has-subtitle-font-size\"><span class=\"w-100\">Limite de responsabilit\u00e9<\/span><\/h3>\n\n\n\n<p>En aucun cas&nbsp;<strong><strong><strong>AOC M\u00e9doc &amp; Haut-M\u00e9doc<\/strong><\/strong><\/strong>&nbsp;ou ses cocontractants ne seront tenus pour responsables de tout dommage sp\u00e9cifique, indirect ou direct, ou de tout dommage, quel qu\u2019il soit, r\u00e9sultant de l\u2019acc\u00e8s au site, de son utilisation, de l\u2019impossibilit\u00e9 d\u2019y acc\u00e9der, de l\u2019utiliser ou encore d\u00e9coulant de tous documents, restrictions ou recommandations et informations pr\u00e9sent\u00e9s sur ce site. Le pr\u00e9sent Site pourrait contenir des liens ou des r\u00e9f\u00e9rences \u00e0 d\u2019autres sites web. Internet \u00e9tant g\u00e9r\u00e9 de fa\u00e7on ind\u00e9pendante \u00e0 travers des milliers de sites dans le monde, les informations auxquelles l\u2019utilisateur a acc\u00e8s peuvent avoir une origine ext\u00e9rieure au pr\u00e9sent site et \u00e9chapper par cons\u00e9quent \u00e0 tout contr\u00f4le de&nbsp;<strong><strong><strong>AOC M\u00e9doc &amp; Haut-M\u00e9doc<\/strong><\/strong><\/strong>. Par cons\u00e9quent, n\u2019aura aucune obligation ni aucune responsabilit\u00e9 concernant les contenus disponibles et accessibles sur le Site, par l\u2019interm\u00e9diaire du Site ou en dehors du Site. L\u2019utilisateur s\u2019engage \u00e0 ne pas modifier, int\u00e9grer ni remplacer, en tout ou en partie, les informations pr\u00e9sent\u00e9es par&nbsp;<strong><strong><strong>AOC M\u00e9doc &amp; Haut-M\u00e9doc<\/strong><\/strong><\/strong>&nbsp;sur le pr\u00e9sent Site.<\/p>\n\n\n\n<div class=\"wp-block-group is-layout-flow wp-block-group-is-layout-flow\">\n<div style=\"height:30px\" aria-hidden=\"true\" class=\"wp-block-spacer\"><\/div>\n\n\n\n<hr class=\"wp-block-separator has-text-color has-css-opacity has-background is-style-wide\" style=\"background-color:#dcdcdc;color:#dcdcdc\"\/>\n\n\n\n<div style=\"height:30px\" aria-hidden=\"true\" class=\"wp-block-spacer\"><\/div>\n<\/div>\n\n\n\n<h3 class=\"wp-block-heading has-subtitle-font-size\"><span class=\"w-100\">Remarques et communications<\/span><\/h3>\n\n\n\n<p>Les informations transmises \u00ab&nbsp;au site&nbsp;\u00bb&nbsp;(par courrier, courrier \u00e9lectronique ou par tout autre moyen)&nbsp;ne pourront \u00eatre consid\u00e9r\u00e9es comme confidentielles.&nbsp;<strong>AOC M\u00e9doc &amp; Haut-M\u00e9doc<\/strong> est seul destinataire des informations transmises \u00ab au site\u00bb. Conform\u00e9ment \u00e0 la loi du 06\/01\/1978 I\u2019 internaute dispose d\u2019un droit d\u2019acc\u00e8s, de rectification et d\u2019opposition aux informations le concernant qu\u2019il peut exercer \u00e0 tout moment aupr\u00e8s de :<\/p>\n\n\n\n<p><strong>AOC M\u00e9doc &amp; Haut-M\u00e9doc &#8211;<\/strong>&nbsp;<a href=\"https:\/\/www.google.fr\/maps\/place\/18+Quai+Jean+Fleuret,+33250+Pauillac\/@45.2040412,-0.7475291,17z\/data=!3m1!4b1!4m5!3m4!1s0x4801cf42917fc72f:0xb54bd8a9acb1cd9c!8m2!3d45.2040412!4d-0.7475291\" target=\"_blank\" rel=\"noreferrer noopener\"><mark style=\"background-color:rgba(0, 0, 0, 0)\" class=\"has-inline-color has-primary-color\">18 quai Jean Fleuret BP 80004, 33250 Pauillac<\/mark><\/a> <strong>&#8211;<\/strong> <a href=\"tel:+33556590292\" target=\"_blank\" rel=\"noreferrer noopener\"><mark style=\"background-color:rgba(0, 0, 0, 0)\" class=\"has-inline-color has-primary-color\">+33 5 56 59 02 92<\/mark><\/a><\/p>\n\n\n\n<p><strong>AOC M\u00e9doc &amp; Haut-M\u00e9doc<\/strong>&nbsp;sera heureux de recevoir les remarques des utilisateurs sur le site ainsi que sur ses services, mais il est bien entendu qu\u2019elle ne sollicite aucune suggestion, aucune id\u00e9e ni aucun mat\u00e9riel relatif au d\u00e9veloppement, \u00e0 la conception, \u00e0 la fabrication ou au marketing des dits produits.<\/p>\n\n\n\n<div class=\"wp-block-group is-layout-flow wp-block-group-is-layout-flow\">\n<hr class=\"wp-block-separator has-text-color has-css-opacity has-background is-style-wide\" style=\"background-color:#dcdcdc;color:#dcdcdc\"\/>\n\n\n\n<div style=\"height:30px\" aria-hidden=\"true\" class=\"wp-block-spacer\"><\/div>\n<\/div>\n\n\n\n<h3 class=\"wp-block-heading has-subtitle-font-size\"><span class=\"w-100\">L\u00e9gislation et juridiction comp\u00e9tente<\/span><\/h3>\n\n\n\n<p>Les pr\u00e9sentes Conditions seront r\u00e9gies interpr\u00e9t\u00e9es et appliqu\u00e9es selon la loi fran\u00e7aise, sauf indication contraire affich\u00e9e sur le site. Tout litige r\u00e9sultant de l\u2019interpr\u00e9tation et de l\u2019application des dites Conditions sera de la comp\u00e9tence exclusive des Tribunaux de Bordeaux, sauf indication contraire affich\u00e9e sur le site.<\/p>\n\n\n\n<div class=\"wp-block-group is-layout-flow wp-block-group-is-layout-flow\">\n<hr class=\"wp-block-separator has-text-color has-css-opacity has-background is-style-wide\" style=\"background-color:#dcdcdc;color:#dcdcdc\"\/>\n\n\n\n<div style=\"height:30px\" aria-hidden=\"true\" class=\"wp-block-spacer\"><\/div>\n<\/div>\n\n\n\n<h3 class=\"wp-block-heading has-subtitle-font-size\"><span class=\"w-100\">Cookies<\/span><\/h3>\n\n\n\n<p>Si vous \u00eates une structure et que vous constatez une erreur, nous vous remercions de bien vouloir nous en faire part par mail : <a href=\"mailto:com@odgmedoc.fr\" target=\"_blank\" rel=\"noreferrer noopener\"><mark style=\"background-color:rgba(0, 0, 0, 0)\" class=\"has-inline-color has-primary-color\">com@odgmedoc.fr<\/mark><\/a> ou par t\u00e9l\u00e9phone au <a href=\"tel:+33556590292\" target=\"_blank\" rel=\"noreferrer noopener\"><mark style=\"background-color:rgba(0, 0, 0, 0)\" class=\"has-inline-color has-primary-color\">+33 5 56 59 02 92<\/mark><\/a><\/p>\n\n\n\n<p>Conform\u00e9ment au r\u00e8glement europ\u00e9en n\u00b02016\/679 (RGPD) et \u00e0 la loi fran\u00e7aise dite \u00ab Informatique et Libert\u00e9s \u00bb, vous b\u00e9n\u00e9ficiez en toute circonstance d\u2019un droit d\u2019acc\u00e8s, de modification, d\u2019opposition et de retrait des informations vous concernant. Pour ne plus apparaitre sur le site ou mettre \u00e0 jours vos pr\u00e9f\u00e9rences de communication, vous pouvez nous contacter au <a href=\"tel:+33556590292\" target=\"_blank\" rel=\"noreferrer noopener\"><mark style=\"background-color:rgba(0, 0, 0, 0)\" class=\"has-inline-color has-primary-color\">+33 5 56 59 02 92<\/mark><\/a> ou par mail <a href=\"mailto:com@odgmedoc.fr\" target=\"_blank\" rel=\"noreferrer noopener\"><mark style=\"background-color:rgba(0, 0, 0, 0)\" class=\"has-inline-color has-primary-color\">com@odgmedoc.fr<\/mark><\/a><\/p>\n<\/div>\n\n\n\n<div style=\"height:100px\" aria-hidden=\"true\" class=\"wp-block-spacer\"><\/div>\n","protected":false},"excerpt":{"rendered":"<p>AOC M\u00e9doc &amp; Haut-M\u00e9doc AOC M\u00e9doc &amp; Haut-M\u00e9doc18 quai Jean Fleuret BP 80004,33250 Pauillac Num\u00e9ro de t\u00e9l\u00e9phone : +33 5 56 59 02 92E-mail : com@odgmedoc.fr Photographies Toutes les photos non cr\u00e9dit\u00e9es sont r\u00e9alis\u00e9es par Claude Clin. www.claude-clin.fr WebDesign&nbsp;&amp; Cr\u00e9ation Agence S\u00f5creativ\u2019 [ design C\u00f5mmunicatif ]H15 | Now, Quai des Chartrons ~ Bordeaux S\u00f5creativ\u2019 et [&hellip;]<\/p>\n","protected":false},"author":1,"featured_media":0,"parent":0,"menu_order":0,"comment_status":"closed","ping_status":"closed","template":"","meta":{"_acf_changed":false,"footnotes":""},"class_list":["post-2544","page","type-page","status-publish","hentry"],"acf":[],"yoast_head":"<!-- This site is optimized with the Yoast SEO plugin v27.5 - https:\/\/yoast.com\/product\/yoast-seo-wordpress\/ -->\n<title>Mentions l\u00e9gales - AOC M\u00e9doc &amp; Haut-M\u00e9doc<\/title>\n<meta name=\"description\" content=\"Retrouvez ici les mentions l\u00e9gales de notre site Internet M\u00e9doc Haut-M\u00e9doc\" \/>\n<meta name=\"robots\" content=\"index, follow, max-snippet:-1, max-image-preview:large, max-video-preview:-1\" \/>\n<link rel=\"canonical\" href=\"https:\/\/medoc-hautmedoc.fr\/en\/mentions-legales\/\" \/>\n<meta property=\"og:locale\" content=\"en_US\" \/>\n<meta property=\"og:type\" content=\"article\" \/>\n<meta property=\"og:title\" content=\"Mentions l\u00e9gales - AOC M\u00e9doc &amp; Haut-M\u00e9doc\" \/>\n<meta property=\"og:description\" content=\"Retrouvez ici les mentions l\u00e9gales de notre site Internet M\u00e9doc Haut-M\u00e9doc\" \/>\n<meta property=\"og:url\" content=\"https:\/\/medoc-hautmedoc.fr\/en\/mentions-legales\/\" \/>\n<meta property=\"og:site_name\" content=\"AOC M\u00e9doc &amp; Haut-M\u00e9doc\" \/>\n<meta property=\"article:modified_time\" content=\"2024-12-24T09:38:00+00:00\" \/>\n<meta property=\"og:image\" content=\"https:\/\/medoc-hautmedoc.fr\/wp-content\/uploads\/table-de-tri-main-zoom.jpg\" \/>\n\t<meta property=\"og:image:width\" content=\"1000\" \/>\n\t<meta property=\"og:image:height\" content=\"667\" \/>\n\t<meta property=\"og:image:type\" content=\"image\/jpeg\" \/>\n<meta name=\"twitter:card\" content=\"summary_large_image\" \/>\n<meta name=\"twitter:label1\" content=\"Est. reading time\" \/>\n\t<meta name=\"twitter:data1\" content=\"4 minutes\" \/>\n<script type=\"application\/ld+json\" class=\"yoast-schema-graph\">{\"@context\":\"https:\\\/\\\/schema.org\",\"@graph\":[{\"@type\":\"WebPage\",\"@id\":\"https:\\\/\\\/medoc-hautmedoc.fr\\\/en\\\/mentions-legales\\\/\",\"url\":\"https:\\\/\\\/medoc-hautmedoc.fr\\\/en\\\/mentions-legales\\\/\",\"name\":\"Mentions l\u00e9gales - AOC M\u00e9doc & Haut-M\u00e9doc\",\"isPartOf\":{\"@id\":\"https:\\\/\\\/medoc-hautmedoc.fr\\\/#website\"},\"primaryImageOfPage\":{\"@id\":\"https:\\\/\\\/medoc-hautmedoc.fr\\\/en\\\/mentions-legales\\\/#primaryimage\"},\"image\":{\"@id\":\"https:\\\/\\\/medoc-hautmedoc.fr\\\/en\\\/mentions-legales\\\/#primaryimage\"},\"thumbnailUrl\":\"https:\\\/\\\/medoc-hautmedoc.fr\\\/wp-content\\\/uploads\\\/table-de-tri-main-zoom.jpg\",\"datePublished\":\"2022-06-21T12:42:33+00:00\",\"dateModified\":\"2024-12-24T09:38:00+00:00\",\"description\":\"Retrouvez ici les mentions l\u00e9gales de notre site Internet M\u00e9doc Haut-M\u00e9doc\",\"breadcrumb\":{\"@id\":\"https:\\\/\\\/medoc-hautmedoc.fr\\\/en\\\/mentions-legales\\\/#breadcrumb\"},\"inLanguage\":\"en-US\",\"potentialAction\":[{\"@type\":\"ReadAction\",\"target\":[\"https:\\\/\\\/medoc-hautmedoc.fr\\\/en\\\/mentions-legales\\\/\"]}]},{\"@type\":\"ImageObject\",\"inLanguage\":\"en-US\",\"@id\":\"https:\\\/\\\/medoc-hautmedoc.fr\\\/en\\\/mentions-legales\\\/#primaryimage\",\"url\":\"https:\\\/\\\/medoc-hautmedoc.fr\\\/wp-content\\\/uploads\\\/table-de-tri-main-zoom.jpg\",\"contentUrl\":\"https:\\\/\\\/medoc-hautmedoc.fr\\\/wp-content\\\/uploads\\\/table-de-tri-main-zoom.jpg\"},{\"@type\":\"BreadcrumbList\",\"@id\":\"https:\\\/\\\/medoc-hautmedoc.fr\\\/en\\\/mentions-legales\\\/#breadcrumb\",\"itemListElement\":[{\"@type\":\"ListItem\",\"position\":1,\"name\":\"Accueil\",\"item\":\"https:\\\/\\\/medoc-hautmedoc.fr\\\/en\\\/\"},{\"@type\":\"ListItem\",\"position\":2,\"name\":\"Mentions l\u00e9gales\"}]},{\"@type\":\"WebSite\",\"@id\":\"https:\\\/\\\/medoc-hautmedoc.fr\\\/#website\",\"url\":\"https:\\\/\\\/medoc-hautmedoc.fr\\\/\",\"name\":\"AOC M\u00e9doc & Haut-M\u00e9doc\",\"description\":\"\",\"publisher\":{\"@id\":\"https:\\\/\\\/medoc-hautmedoc.fr\\\/#organization\"},\"potentialAction\":[{\"@type\":\"SearchAction\",\"target\":{\"@type\":\"EntryPoint\",\"urlTemplate\":\"https:\\\/\\\/medoc-hautmedoc.fr\\\/?s={search_term_string}\"},\"query-input\":{\"@type\":\"PropertyValueSpecification\",\"valueRequired\":true,\"valueName\":\"search_term_string\"}}],\"inLanguage\":\"en-US\"},{\"@type\":\"Organization\",\"@id\":\"https:\\\/\\\/medoc-hautmedoc.fr\\\/#organization\",\"name\":\"AOC M\u00e9doc & Haut-M\u00e9doc\",\"url\":\"https:\\\/\\\/medoc-hautmedoc.fr\\\/\",\"logo\":{\"@type\":\"ImageObject\",\"inLanguage\":\"en-US\",\"@id\":\"https:\\\/\\\/medoc-hautmedoc.fr\\\/#\\\/schema\\\/logo\\\/image\\\/\",\"url\":\"https:\\\/\\\/medoc-hautmedoc.fr\\\/wp-content\\\/uploads\\\/logo.svg\",\"contentUrl\":\"https:\\\/\\\/medoc-hautmedoc.fr\\\/wp-content\\\/uploads\\\/logo.svg\",\"width\":1,\"height\":1,\"caption\":\"AOC M\u00e9doc & Haut-M\u00e9doc\"},\"image\":{\"@id\":\"https:\\\/\\\/medoc-hautmedoc.fr\\\/#\\\/schema\\\/logo\\\/image\\\/\"}}]}<\/script>\n<!-- \/ Yoast SEO plugin. -->","yoast_head_json":{"title":"Mentions l\u00e9gales - AOC M\u00e9doc & Haut-M\u00e9doc","description":"Retrouvez ici les mentions l\u00e9gales de notre site Internet M\u00e9doc Haut-M\u00e9doc","robots":{"index":"index","follow":"follow","max-snippet":"max-snippet:-1","max-image-preview":"max-image-preview:large","max-video-preview":"max-video-preview:-1"},"canonical":"https:\/\/medoc-hautmedoc.fr\/en\/mentions-legales\/","og_locale":"en_US","og_type":"article","og_title":"Mentions l\u00e9gales - AOC M\u00e9doc & Haut-M\u00e9doc","og_description":"Retrouvez ici les mentions l\u00e9gales de notre site Internet M\u00e9doc Haut-M\u00e9doc","og_url":"https:\/\/medoc-hautmedoc.fr\/en\/mentions-legales\/","og_site_name":"AOC M\u00e9doc & Haut-M\u00e9doc","article_modified_time":"2024-12-24T09:38:00+00:00","og_image":[{"width":1000,"height":667,"url":"https:\/\/medoc-hautmedoc.fr\/wp-content\/uploads\/table-de-tri-main-zoom.jpg","type":"image\/jpeg"}],"twitter_card":"summary_large_image","twitter_misc":{"Est. reading time":"4 minutes"},"schema":{"@context":"https:\/\/schema.org","@graph":[{"@type":"WebPage","@id":"https:\/\/medoc-hautmedoc.fr\/en\/mentions-legales\/","url":"https:\/\/medoc-hautmedoc.fr\/en\/mentions-legales\/","name":"Mentions l\u00e9gales - AOC M\u00e9doc & Haut-M\u00e9doc","isPartOf":{"@id":"https:\/\/medoc-hautmedoc.fr\/#website"},"primaryImageOfPage":{"@id":"https:\/\/medoc-hautmedoc.fr\/en\/mentions-legales\/#primaryimage"},"image":{"@id":"https:\/\/medoc-hautmedoc.fr\/en\/mentions-legales\/#primaryimage"},"thumbnailUrl":"https:\/\/medoc-hautmedoc.fr\/wp-content\/uploads\/table-de-tri-main-zoom.jpg","datePublished":"2022-06-21T12:42:33+00:00","dateModified":"2024-12-24T09:38:00+00:00","description":"Retrouvez ici les mentions l\u00e9gales de notre site Internet M\u00e9doc Haut-M\u00e9doc","breadcrumb":{"@id":"https:\/\/medoc-hautmedoc.fr\/en\/mentions-legales\/#breadcrumb"},"inLanguage":"en-US","potentialAction":[{"@type":"ReadAction","target":["https:\/\/medoc-hautmedoc.fr\/en\/mentions-legales\/"]}]},{"@type":"ImageObject","inLanguage":"en-US","@id":"https:\/\/medoc-hautmedoc.fr\/en\/mentions-legales\/#primaryimage","url":"https:\/\/medoc-hautmedoc.fr\/wp-content\/uploads\/table-de-tri-main-zoom.jpg","contentUrl":"https:\/\/medoc-hautmedoc.fr\/wp-content\/uploads\/table-de-tri-main-zoom.jpg"},{"@type":"BreadcrumbList","@id":"https:\/\/medoc-hautmedoc.fr\/en\/mentions-legales\/#breadcrumb","itemListElement":[{"@type":"ListItem","position":1,"name":"Accueil","item":"https:\/\/medoc-hautmedoc.fr\/en\/"},{"@type":"ListItem","position":2,"name":"Mentions l\u00e9gales"}]},{"@type":"WebSite","@id":"https:\/\/medoc-hautmedoc.fr\/#website","url":"https:\/\/medoc-hautmedoc.fr\/","name":"AOC M\u00e9doc & Haut-M\u00e9doc","description":"","publisher":{"@id":"https:\/\/medoc-hautmedoc.fr\/#organization"},"potentialAction":[{"@type":"SearchAction","target":{"@type":"EntryPoint","urlTemplate":"https:\/\/medoc-hautmedoc.fr\/?s={search_term_string}"},"query-input":{"@type":"PropertyValueSpecification","valueRequired":true,"valueName":"search_term_string"}}],"inLanguage":"en-US"},{"@type":"Organization","@id":"https:\/\/medoc-hautmedoc.fr\/#organization","name":"AOC M\u00e9doc & Haut-M\u00e9doc","url":"https:\/\/medoc-hautmedoc.fr\/","logo":{"@type":"ImageObject","inLanguage":"en-US","@id":"https:\/\/medoc-hautmedoc.fr\/#\/schema\/logo\/image\/","url":"https:\/\/medoc-hautmedoc.fr\/wp-content\/uploads\/logo.svg","contentUrl":"https:\/\/medoc-hautmedoc.fr\/wp-content\/uploads\/logo.svg","width":1,"height":1,"caption":"AOC M\u00e9doc & Haut-M\u00e9doc"},"image":{"@id":"https:\/\/medoc-hautmedoc.fr\/#\/schema\/logo\/image\/"}}]}},"_links":{"self":[{"href":"https:\/\/medoc-hautmedoc.fr\/en\/wp-json\/wp\/v2\/pages\/2544","targetHints":{"allow":["GET"]}}],"collection":[{"href":"https:\/\/medoc-hautmedoc.fr\/en\/wp-json\/wp\/v2\/pages"}],"about":[{"href":"https:\/\/medoc-hautmedoc.fr\/en\/wp-json\/wp\/v2\/types\/page"}],"author":[{"embeddable":true,"href":"https:\/\/medoc-hautmedoc.fr\/en\/wp-json\/wp\/v2\/users\/1"}],"replies":[{"embeddable":true,"href":"https:\/\/medoc-hautmedoc.fr\/en\/wp-json\/wp\/v2\/comments?post=2544"}],"version-history":[{"count":4,"href":"https:\/\/medoc-hautmedoc.fr\/en\/wp-json\/wp\/v2\/pages\/2544\/revisions"}],"predecessor-version":[{"id":3192,"href":"https:\/\/medoc-hautmedoc.fr\/en\/wp-json\/wp\/v2\/pages\/2544\/revisions\/3192"}],"wp:attachment":[{"href":"https:\/\/medoc-hautmedoc.fr\/en\/wp-json\/wp\/v2\/media?parent=2544"}],"curies":[{"name":"wp","href":"https:\/\/api.w.org\/{rel}","templated":true}]}}